{"id":28,"date":"2014-10-18T23:17:30","date_gmt":"2014-10-18T21:17:30","guid":{"rendered":"http:\/\/www1.wszia.opole.pl\/pmt\/?page_id=28"},"modified":"2025-09-30T16:21:10","modified_gmt":"2025-09-30T14:21:10","slug":"dokumenty","status":"publish","type":"page","link":"https:\/\/www.przedszkolematkiteresy.opole.pl\/?page_id=28","title":{"rendered":"Dokumenty"},"content":{"rendered":"\n<p><span style=\"font-size: 14pt;\"><strong><span style=\"color: #333300;\"><span style=\"font-family: tahoma, arial, helvetica, sans-serif;\"><span style=\"font-family: 'comic sans ms', sans-serif;\">Zapraszamy do naszego przedszkola przede wszystkim Rodzic\u00f3w, kt\u00f3rym w szczeg\u00f3lny spos\u00f3b zale\u017cy na<\/span><\/span><span style=\"font-family: 'comic sans ms', sans-serif;\">&nbsp;chrze\u015bcija\u0144skim wychowaniu dzieci.<\/span><\/span><\/strong><\/span><\/p>\n\n\n\n<hr class=\"wp-block-separator has-alpha-channel-opacity\"\/>\n\n\n\n<p><span style=\"font-family: 'comic sans ms', sans-serif; color: #000080; font-size: 14pt;\">Osoby zainteresowane ucz\u0119szczaniem dziecka do <strong>Przedszkola <\/strong><\/span><span style=\"font-size: 14pt;\"><span style=\"font-family: 'comic sans ms', sans-serif; color: #000080;\"><strong>Niepublicznego im. b\u0142. Matki Teresy<\/strong>&nbsp;&#8211;&nbsp;<\/span><span style=\"font-family: 'comic sans ms', sans-serif; color: #000080;\"><span style=\"line-height: 1.5;\">prosimy o telefoniczny kontakt:<\/span> <\/span><\/span><span style=\"font-family: 'comic sans ms', sans-serif; color: #800000; font-size: 14pt;\"><strong style=\"font-family: tahoma, arial, helvetica, sans-serif; line-height: 1.5;\">507 634 804.<\/strong><\/span><\/p>\n\n\n\n<p class=\"has-text-align-left\"><span style=\"color: #800000; font-size: 14pt;\"><strong><span style=\"text-decoration: underline; font-family: 'comic sans ms', sans-serif;\">Dokumenty do pobrania na rok szk. 2025\/2026:<\/span><\/strong><\/span><\/p>\n\n\n\n<ul>\n<li><a href=\"https:\/\/www.przedszkolematkiteresy.opole.pl\/wp-content\/uploads\/2025\/09\/KARTA-ZGLOSZENIA-AKTUALNA.pdf\" data-type=\"link\" data-id=\"https:\/\/www.przedszkolematkiteresy.opole.pl\/wp-content\/uploads\/2025\/09\/KARTA-ZGLOSZENIA-AKTUALNA.pdf\">Karta zg\u0142oszenia dziecka<\/a><\/li>\n\n\n\n<li><a href=\"https:\/\/www.przedszkolematkiteresy.opole.pl\/wp-content\/uploads\/2025\/09\/OSWIADCZENIE-DOTYCZACE-ODBIORU-DZIECKA-AKTUALNE.pdf\" data-type=\"link\" data-id=\"https:\/\/www.przedszkolematkiteresy.opole.pl\/wp-content\/uploads\/2025\/09\/OSWIADCZENIE-DOTYCZACE-ODBIORU-DZIECKA-AKTUALNE.pdf\">O\u015bwiadczenie dotycz\u0105ce odbioru dziecka<\/a><\/li>\n\n\n\n<li><a href=\"https:\/\/www.przedszkolematkiteresy.opole.pl\/wp-content\/uploads\/2025\/09\/KLAUZULA-DLA-OSOBY-UPOWAZNIONEJ-DO-ODBIORU-DZIECKA-AKTUALNA.pdf\" data-type=\"link\" data-id=\"https:\/\/www.przedszkolematkiteresy.opole.pl\/wp-content\/uploads\/2025\/09\/KLAUZULA-DLA-OSOBY-UPOWAZNIONEJ-DO-ODBIORU-DZIECKA-AKTUALNA.pdf\">Klauzula dla os\u00f3b upowa\u017cnionych do odbioru dziecka<\/a><\/li>\n\n\n\n<li><a href=\"https:\/\/www.przedszkolematkiteresy.opole.pl\/wp-content\/uploads\/2025\/09\/OSWIADCZENIE-O-PRZEDMIOCIE-ZGODY-NA-WYKORZYSTANIE-WIZERUNKU-AKTUALNE.pdf\" data-type=\"link\" data-id=\"https:\/\/www.przedszkolematkiteresy.opole.pl\/wp-content\/uploads\/2025\/09\/OSWIADCZENIE-O-PRZEDMIOCIE-ZGODY-NA-WYKORZYSTANIE-WIZERUNKU-AKTUALNE.pdf\">O\u015bwiadczenie o przedmiocie zgody na wykorzystanie wizerunku<\/a><\/li>\n\n\n\n<li><a href=\"https:\/\/www.przedszkolematkiteresy.opole.pl\/wp-content\/uploads\/2025\/09\/KLAUZULA-DLA-RODZICOW.pdf\" data-type=\"link\" data-id=\"https:\/\/www.przedszkolematkiteresy.opole.pl\/wp-content\/uploads\/2025\/09\/KLAUZULA-DLA-RODZICOW.pdf\">Klauzula dla rodzic\u00f3w\/opiekun\u00f3w prawnych dziecka<\/a><\/li>\n\n\n\n<li><a href=\"https:\/\/www.przedszkolematkiteresy.opole.pl\/wp-content\/uploads\/2025\/09\/KLAUZULA-DLA-REKRUTACJI.pdf\" data-type=\"link\" data-id=\"https:\/\/www.przedszkolematkiteresy.opole.pl\/wp-content\/uploads\/2025\/09\/KLAUZULA-DLA-REKRUTACJI.pdf\">Klauzula dla rekrutacji nowych pracownik\u00f3w<\/a><\/li>\n\n\n\n<li><a href=\"https:\/\/www.przedszkolematkiteresy.opole.pl\/wp-content\/uploads\/2025\/09\/KLAUZULA-DLA-PRACOWNIKOW.pdf\" data-type=\"link\" data-id=\"https:\/\/www.przedszkolematkiteresy.opole.pl\/wp-content\/uploads\/2025\/09\/KLAUZULA-DLA-PRACOWNIKOW.pdf\">Klauzula dla pracownik\u00f3w<\/a><\/li>\n\n\n\n<li><a href=\"https:\/\/www.przedszkolematkiteresy.opole.pl\/wp-content\/uploads\/2025\/09\/KLAUZULA-DLA-KONTRAHENTOW-AKTUALNA.pdf\" data-type=\"link\" data-id=\"https:\/\/www.przedszkolematkiteresy.opole.pl\/wp-content\/uploads\/2025\/09\/KLAUZULA-DLA-KONTRAHENTOW-AKTUALNA.pdf\">Klauzula dla kontrahent\u00f3w<\/a><\/li>\n\n\n\n<li><a href=\"https:\/\/www.przedszkolematkiteresy.opole.pl\/wp-content\/uploads\/2025\/09\/NNW_Eukacja2025.zip\">Ubezpieczenie PZU 2025\/2026 (NNW Edukacja, OWU Edukacja, skr\u00f3cona informacja o ubezpieczeniu, informacja administratora danych osobowych)<\/a><\/li>\n<\/ul>\n","protected":false},"excerpt":{"rendered":"<p>Zapraszamy do naszego przedszkola przede wszystkim Rodzic\u00f3w, kt\u00f3rym w szczeg\u00f3lny spos\u00f3b zale\u017cy na&nbsp;chrze\u015bcija\u0144skim wychowaniu dzieci. Osoby zainteresowane ucz\u0119szczaniem dziecka do Przedszkola Niepublicznego im. b\u0142. Matki Teresy&nbsp;&#8211;&nbsp;prosimy o telefoniczny kontakt: 507 634 804. Dokumenty do pobrania na rok szk. 2025\/2026:<\/p>\n","protected":false},"author":1,"featured_media":0,"parent":0,"menu_order":2,"comment_status":"closed","ping_status":"closed","template":"","meta":{"ngg_post_thumbnail":0,"footnotes":""},"_links":{"self":[{"href":"https:\/\/www.przedszkolematkiteresy.opole.pl\/index.php?rest_route=\/wp\/v2\/pages\/28"}],"collection":[{"href":"https:\/\/www.przedszkolematkiteresy.opole.pl\/index.php?rest_route=\/wp\/v2\/pages"}],"about":[{"href":"https:\/\/www.przedszkolematkiteresy.opole.pl\/index.php?rest_route=\/wp\/v2\/types\/page"}],"author":[{"embeddable":true,"href":"https:\/\/www.przedszkolematkiteresy.opole.pl\/index.php?rest_route=\/wp\/v2\/users\/1"}],"replies":[{"embeddable":true,"href":"https:\/\/www.przedszkolematkiteresy.opole.pl\/index.php?rest_route=%2Fwp%2Fv2%2Fcomments&post=28"}],"version-history":[{"count":94,"href":"https:\/\/www.przedszkolematkiteresy.opole.pl\/index.php?rest_route=\/wp\/v2\/pages\/28\/revisions"}],"predecessor-version":[{"id":52407,"href":"https:\/\/www.przedszkolematkiteresy.opole.pl\/index.php?rest_route=\/wp\/v2\/pages\/28\/revisions\/52407"}],"wp:attachment":[{"href":"https:\/\/www.przedszkolematkiteresy.opole.pl\/index.php?rest_route=%2Fwp%2Fv2%2Fmedia&parent=28"}],"curies":[{"name":"wp","href":"https:\/\/api.w.org\/{rel}","templated":true}]}}